{"id":3286,"date":"2025-10-23T18:49:27","date_gmt":"2025-10-23T18:49:27","guid":{"rendered":"https:\/\/oftalmouniversity.com\/?page_id=3286"},"modified":"2025-10-23T19:08:22","modified_gmt":"2025-10-23T19:08:22","slug":"fellow-en-cataratas","status":"publish","type":"page","link":"https:\/\/oftalmouniversity.com\/es\/fellow-en-cataratas\/","title":{"rendered":"Fellow en Cataratas"},"content":{"rendered":"\n<div class=\"wp-block-uagb-container uagb-block-e1d72430 alignfull uagb-is-root-container\"><div class=\"uagb-container-inner-blocks-wrap\">\n<div class=\"wp-block-uagb-container uagb-block-0593d83b\">\n<div class=\"wp-block-uagb-advanced-heading uagb-block-f24826eb\"><h2 class=\"uagb-heading-text\"><strong>Programa para Fellows<\/strong><\/h2><\/div>\n\n\n\n<p class=\"has-text-align-center has-medium-font-size\">Mejora tu cirug\u00eda de Cataratas y convierte tus resultados en excelencia sostenida.<\/p>\n\n\n\n<div class=\"wp-block-uagb-image uagb-block-1c30e781 wp-block-uagb-image--layout-default wp-block-uagb-image--effect-static wp-block-uagb-image--align-none\"><figure class=\"wp-block-uagb-image__figure\"><img decoding=\"async\" srcset=\"https:\/\/oftalmouniversity.com\/wp-content\/uploads\/2025\/10\/fellow-819x1024.jpeg ,https:\/\/oftalmouniversity.com\/wp-content\/uploads\/2025\/10\/fellow.jpeg 780w, https:\/\/oftalmouniversity.com\/wp-content\/uploads\/2025\/10\/fellow.jpeg 360w\" sizes=\"auto, (max-width: 480px) 150px\" src=\"https:\/\/oftalmouniversity.com\/wp-content\/uploads\/2025\/10\/fellow-819x1024.jpeg\" alt=\"\" class=\"uag-image-3279\" width=\"819\" height=\"1024\" title=\"fellow\" loading=\"lazy\" role=\"img\"\/><\/figure><\/div>\n\n\n\n<p class=\"has-text-align-center has-medium-font-size\"><em>Por favor llene el siguiente formulario y le daremos toda la informaci\u00f3n que necesite.<\/em><\/p>\n<\/div>\n\n\n\n<div class=\"wp-block-contact-form-7-contact-form-selector\">\n<div class=\"wpcf7 no-js\" id=\"wpcf7-f3288-o1\" lang=\"es-ES\" dir=\"ltr\" data-wpcf7-id=\"3288\">\n<div class=\"screen-reader-response\"><p role=\"status\" aria-live=\"polite\" aria-atomic=\"true\"><\/p> <ul><\/ul><\/div>\n<form action=\"\/es\/wp-json\/wp\/v2\/pages\/3286#wpcf7-f3288-o1\" method=\"post\" class=\"wpcf7-form init\" aria-label=\"Formulario de contacto\" novalidate=\"novalidate\" data-status=\"init\">\n<fieldset class=\"hidden-fields-container\"><input type=\"hidden\" name=\"_wpcf7\" value=\"3288\" \/><input type=\"hidden\" name=\"_wpcf7_version\" value=\"6.1.4\" \/><input type=\"hidden\" name=\"_wpcf7_locale\" value=\"es_ES\" \/><input type=\"hidden\" name=\"_wpcf7_unit_tag\" value=\"wpcf7-f3288-o1\" \/><input type=\"hidden\" name=\"_wpcf7_container_post\" value=\"0\" \/><input type=\"hidden\" name=\"_wpcf7_posted_data_hash\" value=\"\" \/><input type=\"hidden\" name=\"_wpcf7_recaptcha_response\" value=\"\" \/>\n<\/fieldset>\n<p><label> Nombre<br \/>\n<span class=\"wpcf7-form-control-wrap\" data-name=\"your-name\"><input size=\"40\" maxlength=\"400\" class=\"wpcf7-form-control wpcf7-text wpcf7-validates-as-required\" autocomplete=\"name\" aria-required=\"true\" aria-invalid=\"false\" value=\"\" type=\"text\" name=\"your-name\" \/><\/span> <\/label>\n<\/p>\n<p><label> Email<br \/>\n<span class=\"wpcf7-form-control-wrap\" data-name=\"your-email\"><input size=\"40\" maxlength=\"400\" class=\"wpcf7-form-control wpcf7-email wpcf7-validates-as-required wpcf7-text wpcf7-validates-as-email\" autocomplete=\"email\" aria-required=\"true\" aria-invalid=\"false\" value=\"\" type=\"email\" name=\"your-email\" \/><\/span> <\/label>\n<\/p>\n<p><label> Tel\u00e9fono<br \/>\n<span class=\"wpcf7-form-control-wrap\" data-name=\"tel-457\"><input size=\"40\" maxlength=\"400\" class=\"wpcf7-form-control wpcf7-tel wpcf7-text wpcf7-validates-as-tel\" aria-invalid=\"false\" value=\"\" type=\"tel\" name=\"tel-457\" \/><\/span> <\/label>\n<\/p>\n<p><label> Pa\u00eds<br \/>\n<span class=\"wpcf7-form-control-wrap\" data-name=\"your-country\"><input size=\"40\" maxlength=\"400\" class=\"wpcf7-form-control wpcf7-text wpcf7-validates-as-required\" aria-required=\"true\" aria-invalid=\"false\" value=\"\" type=\"text\" name=\"your-country\" \/><\/span> <\/label>\n<\/p>\n<p><label> Informmaci\u00f3n adicional (opcional)<br \/>\n<span class=\"wpcf7-form-control-wrap\" data-name=\"your-message\"><textarea cols=\"40\" rows=\"10\" maxlength=\"2000\" class=\"wpcf7-form-control wpcf7-textarea\" aria-invalid=\"false\" name=\"your-message\"><\/textarea><\/span> <\/label>\n<\/p>\n<p><input class=\"wpcf7-form-control wpcf7-submit has-spinner\" type=\"submit\" value=\"Submit\" \/>\n<\/p><input type=\"hidden\" id=\"ct_checkjs_cf7_5e388103a391daabe3de1d76a6739ccd\" name=\"ct_checkjs_cf7\" value=\"0\" \/><script >setTimeout(function(){var ct_input_name = \"ct_checkjs_cf7_5e388103a391daabe3de1d76a6739ccd\";if (document.getElementById(ct_input_name) !== null) {var ct_input_value = document.getElementById(ct_input_name).value;document.getElementById(ct_input_name).value = document.getElementById(ct_input_name).value.replace(ct_input_value, 'bc6eb50b89426458e04d6964fb4204a7fcec7cb0e63c6b03269c0ebb6d1ad9cd');}}, 1000);<\/script><input\n                    class=\"apbct_special_field apbct_email_id__wp_contact_form_7\"\n                    name=\"apbct__email_id__wp_contact_form_7\"\n                    aria-label=\"apbct__label_id__wp_contact_form_7\"\n                    type=\"text\" size=\"30\" maxlength=\"200\" autocomplete=\"off\"\n                    value=\"\"\n                \/><div class=\"wpcf7-response-output\" aria-hidden=\"true\"><\/div>\n<\/form>\n<\/div>\n<\/div>\n<\/div><\/div>\n\n\n\n<h3 class=\"wp-block-heading has-text-align-center\">Programa Cl\u00ednico Y Quir\u00fargico<\/h3>\n\n\n\n<p class=\"has-text-align-center\" style=\"margin-top:var(--wp--preset--spacing--50);margin-right:var(--wp--preset--spacing--50);margin-bottom:var(--wp--preset--spacing--50);margin-left:var(--wp--preset--spacing--50);padding-top:var(--wp--preset--spacing--50);padding-right:var(--wp--preset--spacing--50);padding-bottom:var(--wp--preset--spacing--50);padding-left:var(--wp--preset--spacing--50)\">\u2705 <strong>700 Cataratas<\/strong><br>promedio durante el a\u00f1o de duraci\u00f3n<br><br>\ud83d\uddd3\ufe0f <strong>Duraci\u00f3n de 1 a\u00f1o<\/strong><br>se requiere examen de admisi\u00f3n te\u00f3rico y pr\u00e1ctico<br>m\u00e1s entrevista.<br><br>\ud83d\udc68\u200d\u2695\ufe0f <strong>Dr. Carlos G\u00f3mez<\/strong><br>Jefe de Departamento<br><br>\ud83d\udccd <strong>Lugar<\/strong><br>Hospital Dr. Elias Santana<br>Santo Domingo, Rep\u00fablica Dominicana<\/p>\n\n\n\n<div class=\"wp-block-uagb-container uagb-block-9684a631 alignfull uagb-is-root-container\"><div class=\"uagb-container-inner-blocks-wrap\">\n<div class=\"wp-block-uagb-container uagb-block-7b924614\"><\/div>\n\n\n\n<div class=\"wp-block-uagb-container uagb-block-e83a126e\">\n<div class=\"wp-block-contact-form-7-contact-form-selector\">\n<div class=\"wpcf7 no-js\" id=\"wpcf7-f3288-o2\" lang=\"es-ES\" dir=\"ltr\" data-wpcf7-id=\"3288\">\n<div class=\"screen-reader-response\"><p role=\"status\" aria-live=\"polite\" aria-atomic=\"true\"><\/p> <ul><\/ul><\/div>\n<form action=\"\/es\/wp-json\/wp\/v2\/pages\/3286#wpcf7-f3288-o2\" method=\"post\" class=\"wpcf7-form init\" aria-label=\"Formulario de contacto\" novalidate=\"novalidate\" data-status=\"init\">\n<fieldset class=\"hidden-fields-container\"><input type=\"hidden\" name=\"_wpcf7\" value=\"3288\" \/><input type=\"hidden\" name=\"_wpcf7_version\" value=\"6.1.4\" \/><input type=\"hidden\" name=\"_wpcf7_locale\" value=\"es_ES\" \/><input type=\"hidden\" name=\"_wpcf7_unit_tag\" value=\"wpcf7-f3288-o2\" \/><input type=\"hidden\" name=\"_wpcf7_container_post\" value=\"0\" \/><input type=\"hidden\" name=\"_wpcf7_posted_data_hash\" value=\"\" \/><input type=\"hidden\" name=\"_wpcf7_recaptcha_response\" value=\"\" \/>\n<\/fieldset>\n<p><label> Nombre<br \/>\n<span class=\"wpcf7-form-control-wrap\" data-name=\"your-name\"><input size=\"40\" maxlength=\"400\" class=\"wpcf7-form-control wpcf7-text wpcf7-validates-as-required\" autocomplete=\"name\" aria-required=\"true\" aria-invalid=\"false\" value=\"\" type=\"text\" name=\"your-name\" \/><\/span> <\/label>\n<\/p>\n<p><label> Email<br \/>\n<span class=\"wpcf7-form-control-wrap\" data-name=\"your-email\"><input size=\"40\" maxlength=\"400\" class=\"wpcf7-form-control wpcf7-email wpcf7-validates-as-required wpcf7-text wpcf7-validates-as-email\" autocomplete=\"email\" aria-required=\"true\" aria-invalid=\"false\" value=\"\" type=\"email\" name=\"your-email\" \/><\/span> <\/label>\n<\/p>\n<p><label> Tel\u00e9fono<br \/>\n<span class=\"wpcf7-form-control-wrap\" data-name=\"tel-457\"><input size=\"40\" maxlength=\"400\" class=\"wpcf7-form-control wpcf7-tel wpcf7-text wpcf7-validates-as-tel\" aria-invalid=\"false\" value=\"\" type=\"tel\" name=\"tel-457\" \/><\/span> <\/label>\n<\/p>\n<p><label> Pa\u00eds<br \/>\n<span class=\"wpcf7-form-control-wrap\" data-name=\"your-country\"><input size=\"40\" maxlength=\"400\" class=\"wpcf7-form-control wpcf7-text wpcf7-validates-as-required\" aria-required=\"true\" aria-invalid=\"false\" value=\"\" type=\"text\" name=\"your-country\" \/><\/span> <\/label>\n<\/p>\n<p><label> Informmaci\u00f3n adicional (opcional)<br \/>\n<span class=\"wpcf7-form-control-wrap\" data-name=\"your-message\"><textarea cols=\"40\" rows=\"10\" maxlength=\"2000\" class=\"wpcf7-form-control wpcf7-textarea\" aria-invalid=\"false\" name=\"your-message\"><\/textarea><\/span> <\/label>\n<\/p>\n<p><input class=\"wpcf7-form-control wpcf7-submit has-spinner\" type=\"submit\" value=\"Submit\" \/>\n<\/p><input type=\"hidden\" id=\"ct_checkjs_cf7_3493894fa4ea036cfc6433c3e2ee63b0\" name=\"ct_checkjs_cf7\" value=\"0\" \/><script >setTimeout(function(){var ct_input_name = \"ct_checkjs_cf7_3493894fa4ea036cfc6433c3e2ee63b0\";if (document.getElementById(ct_input_name) !== null) {var ct_input_value = document.getElementById(ct_input_name).value;document.getElementById(ct_input_name).value = document.getElementById(ct_input_name).value.replace(ct_input_value, 'bc6eb50b89426458e04d6964fb4204a7fcec7cb0e63c6b03269c0ebb6d1ad9cd');}}, 1000);<\/script><input\n                    class=\"apbct_special_field apbct_email_id__wp_contact_form_7\"\n                    name=\"apbct__email_id__wp_contact_form_7\"\n                    aria-label=\"apbct__label_id__wp_contact_form_7\"\n                    type=\"text\" size=\"30\" maxlength=\"200\" autocomplete=\"off\"\n                    value=\"\"\n                \/><div class=\"wpcf7-response-output\" aria-hidden=\"true\"><\/div>\n<\/form>\n<\/div>\n<\/div>\n<\/div>\n\n\n\n<div class=\"wp-block-uagb-container uagb-block-60f11e9d\"><\/div>\n<\/div><\/div>\n\n\n\n<p><\/p>\n","protected":false},"excerpt":{"rendered":"<p>Programa para Fellows Mejora tu cirug\u00eda de Cataratas y convierte tus resultados en excelencia sostenida. Por favor llene el siguiente [&hellip;]<\/p>\n","protected":false},"author":1,"featured_media":3280,"parent":0,"menu_order":0,"comment_status":"closed","ping_status":"closed","template":"","meta":{"_uag_custom_page_level_css":"","_monsterinsights_skip_tracking":false,"_monsterinsights_sitenote_active":false,"_monsterinsights_sitenote_note":"","_monsterinsights_sitenote_category":0,"site-sidebar-layout":"default","site-content-layout":"","ast-site-content-layout":"default","site-content-style":"default","site-sidebar-style":"default","ast-global-header-display":"","ast-banner-title-visibility":"","ast-main-header-display":"","ast-hfb-above-header-display":"","ast-hfb-below-header-display":"","ast-hfb-mobile-header-display":"","site-post-title":"disabled","ast-breadcrumbs-content":"","ast-featured-img":"disabled","footer-sml-layout":"","theme-transparent-header-meta":"","adv-header-id-meta":"","stick-header-meta":"","header-above-stick-meta":"","header-main-stick-meta":"","header-below-stick-meta":"","astra-migrate-meta-layouts":"set","ast-page-background-enabled":"default","ast-page-background-meta":{"desktop":{"background-color":"var(--ast-global-color-4)","background-image":"","background-repeat":"repeat","background-position":"center center","background-size":"auto","background-attachment":"scroll","background-type":"","background-media":"","overlay-type":"","overlay-color":"","overlay-opacity":"","overlay-gradient":""},"tablet":{"background-color":"","background-image":"","background-repeat":"repeat","background-position":"center center","background-size":"auto","background-attachment":"scroll","background-type":"","background-media":"","overlay-type":"","overlay-color":"","overlay-opacity":"","overlay-gradient":""},"mobile":{"background-color":"","background-image":"","background-repeat":"repeat","background-position":"center center","background-size":"auto","background-attachment":"scroll","background-type":"","background-media":"","overlay-type":"","overlay-color":"","overlay-opacity":"","overlay-gradient":""}},"ast-content-background-meta":{"desktop":{"background-color":"var(--ast-global-color-5)","background-image":"","background-repeat":"repeat","background-position":"center center","background-size":"auto","background-attachment":"scroll","background-type":"","background-media":"","overlay-type":"","overlay-color":"","overlay-opacity":"","overlay-gradient":""},"tablet":{"background-color":"var(--ast-global-color-5)","background-image":"","background-repeat":"repeat","background-position":"center center","background-size":"auto","background-attachment":"scroll","background-type":"","background-media":"","overlay-type":"","overlay-color":"","overlay-opacity":"","overlay-gradient":""},"mobile":{"background-color":"var(--ast-global-color-5)","background-image":"","background-repeat":"repeat","background-position":"center center","background-size":"auto","background-attachment":"scroll","background-type":"","background-media":"","overlay-type":"","overlay-color":"","overlay-opacity":"","overlay-gradient":""}},"footnotes":""},"class_list":["post-3286","page","type-page","status-publish","has-post-thumbnail","hentry"],"yoast_head":"<!-- This site is optimized with the Yoast SEO plugin v26.5 - https:\/\/yoast.com\/wordpress\/plugins\/seo\/ -->\n<title>Fellow en Cataratas - Oftalmo University<\/title>\n<meta name=\"robots\" content=\"index, follow, max-snippet:-1, max-image-preview:large, max-video-preview:-1\" \/>\n<link rel=\"canonical\" href=\"https:\/\/oftalmouniversity.com\/es\/fellow-en-cataratas\/\" \/>\n<meta property=\"og:locale\" content=\"es_ES\" \/>\n<meta property=\"og:type\" content=\"article\" \/>\n<meta property=\"og:title\" content=\"Fellow en Cataratas - Oftalmo University\" \/>\n<meta property=\"og:description\" content=\"Programa para Fellows Mejora tu cirug\u00eda de Cataratas y convierte tus resultados en excelencia sostenida. Por favor llene el siguiente [&hellip;]\" \/>\n<meta property=\"og:url\" content=\"https:\/\/oftalmouniversity.com\/es\/fellow-en-cataratas\/\" \/>\n<meta property=\"og:site_name\" content=\"Oftalmo University\" \/>\n<meta property=\"article:modified_time\" content=\"2025-10-23T19:08:22+00:00\" \/>\n<meta property=\"og:image\" content=\"https:\/\/oftalmouniversity.com\/wp-content\/uploads\/2025\/10\/fellow.jpeg\" \/>\n\t<meta property=\"og:image:width\" content=\"1280\" \/>\n\t<meta property=\"og:image:height\" content=\"1600\" \/>\n\t<meta property=\"og:image:type\" content=\"image\/jpeg\" \/>\n<meta name=\"twitter:card\" content=\"summary_large_image\" \/>\n<meta name=\"twitter:label1\" content=\"Tiempo de lectura\" \/>\n\t<meta name=\"twitter:data1\" content=\"1 minuto\" \/>\n<script type=\"application\/ld+json\" class=\"yoast-schema-graph\">{\"@context\":\"https:\/\/schema.org\",\"@graph\":[{\"@type\":\"WebPage\",\"@id\":\"https:\/\/oftalmouniversity.com\/es\/fellow-en-cataratas\/\",\"url\":\"https:\/\/oftalmouniversity.com\/es\/fellow-en-cataratas\/\",\"name\":\"Fellow en Cataratas - Oftalmo University\",\"isPartOf\":{\"@id\":\"https:\/\/oftalmouniversity.com\/es\/#website\"},\"primaryImageOfPage\":{\"@id\":\"https:\/\/oftalmouniversity.com\/es\/fellow-en-cataratas\/#primaryimage\"},\"image\":{\"@id\":\"https:\/\/oftalmouniversity.com\/es\/fellow-en-cataratas\/#primaryimage\"},\"thumbnailUrl\":\"https:\/\/oftalmouniversity.com\/wp-content\/uploads\/2025\/10\/fellow.jpeg\",\"datePublished\":\"2025-10-23T18:49:27+00:00\",\"dateModified\":\"2025-10-23T19:08:22+00:00\",\"breadcrumb\":{\"@id\":\"https:\/\/oftalmouniversity.com\/es\/fellow-en-cataratas\/#breadcrumb\"},\"inLanguage\":\"es\",\"potentialAction\":[{\"@type\":\"ReadAction\",\"target\":[\"https:\/\/oftalmouniversity.com\/es\/fellow-en-cataratas\/\"]}]},{\"@type\":\"ImageObject\",\"inLanguage\":\"es\",\"@id\":\"https:\/\/oftalmouniversity.com\/es\/fellow-en-cataratas\/#primaryimage\",\"url\":\"https:\/\/oftalmouniversity.com\/wp-content\/uploads\/2025\/10\/fellow.jpeg\",\"contentUrl\":\"https:\/\/oftalmouniversity.com\/wp-content\/uploads\/2025\/10\/fellow.jpeg\",\"width\":1280,\"height\":1600},{\"@type\":\"BreadcrumbList\",\"@id\":\"https:\/\/oftalmouniversity.com\/es\/fellow-en-cataratas\/#breadcrumb\",\"itemListElement\":[{\"@type\":\"ListItem\",\"position\":1,\"name\":\"Home\",\"item\":\"https:\/\/oftalmouniversity.com\/es\/\"},{\"@type\":\"ListItem\",\"position\":2,\"name\":\"Fellow en Cataratas\"}]},{\"@type\":\"WebSite\",\"@id\":\"https:\/\/oftalmouniversity.com\/es\/#website\",\"url\":\"https:\/\/oftalmouniversity.com\/es\/\",\"name\":\"Oftalmo University\",\"description\":\"Learn surgery online\",\"publisher\":{\"@id\":\"https:\/\/oftalmouniversity.com\/es\/#organization\"},\"potentialAction\":[{\"@type\":\"SearchAction\",\"target\":{\"@type\":\"EntryPoint\",\"urlTemplate\":\"https:\/\/oftalmouniversity.com\/es\/?s={search_term_string}\"},\"query-input\":{\"@type\":\"PropertyValueSpecification\",\"valueRequired\":true,\"valueName\":\"search_term_string\"}}],\"inLanguage\":\"es\"},{\"@type\":\"Organization\",\"@id\":\"https:\/\/oftalmouniversity.com\/es\/#organization\",\"name\":\"Oftalmo University\",\"url\":\"https:\/\/oftalmouniversity.com\/es\/\",\"logo\":{\"@type\":\"ImageObject\",\"inLanguage\":\"es\",\"@id\":\"https:\/\/oftalmouniversity.com\/es\/#\/schema\/logo\/image\/\",\"url\":\"https:\/\/oftalmouniversity.com\/wp-content\/uploads\/2024\/10\/oftalmo-university.png\",\"contentUrl\":\"https:\/\/oftalmouniversity.com\/wp-content\/uploads\/2024\/10\/oftalmo-university.png\",\"width\":467,\"height\":150,\"caption\":\"Oftalmo University\"},\"image\":{\"@id\":\"https:\/\/oftalmouniversity.com\/es\/#\/schema\/logo\/image\/\"}}]}<\/script>\n<!-- \/ Yoast SEO plugin. -->","yoast_head_json":{"title":"Fellow en Cataratas - Oftalmo University","robots":{"index":"index","follow":"follow","max-snippet":"max-snippet:-1","max-image-preview":"max-image-preview:large","max-video-preview":"max-video-preview:-1"},"canonical":"https:\/\/oftalmouniversity.com\/es\/fellow-en-cataratas\/","og_locale":"es_ES","og_type":"article","og_title":"Fellow en Cataratas - Oftalmo University","og_description":"Programa para Fellows Mejora tu cirug\u00eda de Cataratas y convierte tus resultados en excelencia sostenida. Por favor llene el siguiente [&hellip;]","og_url":"https:\/\/oftalmouniversity.com\/es\/fellow-en-cataratas\/","og_site_name":"Oftalmo University","article_modified_time":"2025-10-23T19:08:22+00:00","og_image":[{"width":1280,"height":1600,"url":"https:\/\/oftalmouniversity.com\/wp-content\/uploads\/2025\/10\/fellow.jpeg","type":"image\/jpeg"}],"twitter_card":"summary_large_image","twitter_misc":{"Tiempo de lectura":"1 minuto"},"schema":{"@context":"https:\/\/schema.org","@graph":[{"@type":"WebPage","@id":"https:\/\/oftalmouniversity.com\/es\/fellow-en-cataratas\/","url":"https:\/\/oftalmouniversity.com\/es\/fellow-en-cataratas\/","name":"Fellow en Cataratas - Oftalmo University","isPartOf":{"@id":"https:\/\/oftalmouniversity.com\/es\/#website"},"primaryImageOfPage":{"@id":"https:\/\/oftalmouniversity.com\/es\/fellow-en-cataratas\/#primaryimage"},"image":{"@id":"https:\/\/oftalmouniversity.com\/es\/fellow-en-cataratas\/#primaryimage"},"thumbnailUrl":"https:\/\/oftalmouniversity.com\/wp-content\/uploads\/2025\/10\/fellow.jpeg","datePublished":"2025-10-23T18:49:27+00:00","dateModified":"2025-10-23T19:08:22+00:00","breadcrumb":{"@id":"https:\/\/oftalmouniversity.com\/es\/fellow-en-cataratas\/#breadcrumb"},"inLanguage":"es","potentialAction":[{"@type":"ReadAction","target":["https:\/\/oftalmouniversity.com\/es\/fellow-en-cataratas\/"]}]},{"@type":"ImageObject","inLanguage":"es","@id":"https:\/\/oftalmouniversity.com\/es\/fellow-en-cataratas\/#primaryimage","url":"https:\/\/oftalmouniversity.com\/wp-content\/uploads\/2025\/10\/fellow.jpeg","contentUrl":"https:\/\/oftalmouniversity.com\/wp-content\/uploads\/2025\/10\/fellow.jpeg","width":1280,"height":1600},{"@type":"BreadcrumbList","@id":"https:\/\/oftalmouniversity.com\/es\/fellow-en-cataratas\/#breadcrumb","itemListElement":[{"@type":"ListItem","position":1,"name":"Home","item":"https:\/\/oftalmouniversity.com\/es\/"},{"@type":"ListItem","position":2,"name":"Fellow en Cataratas"}]},{"@type":"WebSite","@id":"https:\/\/oftalmouniversity.com\/es\/#website","url":"https:\/\/oftalmouniversity.com\/es\/","name":"Oftalmo University","description":"Learn surgery online","publisher":{"@id":"https:\/\/oftalmouniversity.com\/es\/#organization"},"potentialAction":[{"@type":"SearchAction","target":{"@type":"EntryPoint","urlTemplate":"https:\/\/oftalmouniversity.com\/es\/?s={search_term_string}"},"query-input":{"@type":"PropertyValueSpecification","valueRequired":true,"valueName":"search_term_string"}}],"inLanguage":"es"},{"@type":"Organization","@id":"https:\/\/oftalmouniversity.com\/es\/#organization","name":"Oftalmo University","url":"https:\/\/oftalmouniversity.com\/es\/","logo":{"@type":"ImageObject","inLanguage":"es","@id":"https:\/\/oftalmouniversity.com\/es\/#\/schema\/logo\/image\/","url":"https:\/\/oftalmouniversity.com\/wp-content\/uploads\/2024\/10\/oftalmo-university.png","contentUrl":"https:\/\/oftalmouniversity.com\/wp-content\/uploads\/2024\/10\/oftalmo-university.png","width":467,"height":150,"caption":"Oftalmo University"},"image":{"@id":"https:\/\/oftalmouniversity.com\/es\/#\/schema\/logo\/image\/"}}]}},"uagb_featured_image_src":{"full":["https:\/\/oftalmouniversity.com\/wp-content\/uploads\/2025\/10\/fellow.jpeg",1280,1600,false],"thumbnail":["https:\/\/oftalmouniversity.com\/wp-content\/uploads\/2025\/10\/fellow-150x150.jpeg",150,150,true],"medium":["https:\/\/oftalmouniversity.com\/wp-content\/uploads\/2025\/10\/fellow-240x300.jpeg",240,300,true],"medium_large":["https:\/\/oftalmouniversity.com\/wp-content\/uploads\/2025\/10\/fellow-768x960.jpeg",768,960,true],"large":["https:\/\/oftalmouniversity.com\/wp-content\/uploads\/2025\/10\/fellow-819x1024.jpeg",819,1024,true],"1536x1536":["https:\/\/oftalmouniversity.com\/wp-content\/uploads\/2025\/10\/fellow-1229x1536.jpeg",1229,1536,true],"2048x2048":["https:\/\/oftalmouniversity.com\/wp-content\/uploads\/2025\/10\/fellow.jpeg",1280,1600,false],"depicter-thumbnail":["https:\/\/oftalmouniversity.com\/wp-content\/uploads\/2025\/10\/fellow-200x250.jpeg",200,250,true]},"uagb_author_info":{"display_name":"Lisandro Carnielli, MD","author_link":"https:\/\/oftalmouniversity.com\/es\/blog\/author\/campus_hk8h1y\/"},"uagb_comment_info":0,"uagb_excerpt":"Programa para Fellows Mejora tu cirug\u00eda de Cataratas y convierte tus resultados en excelencia sostenida. Por favor llene el siguiente [&hellip;]","_links":{"self":[{"href":"https:\/\/oftalmouniversity.com\/es\/wp-json\/wp\/v2\/pages\/3286","targetHints":{"allow":["GET"]}}],"collection":[{"href":"https:\/\/oftalmouniversity.com\/es\/wp-json\/wp\/v2\/pages"}],"about":[{"href":"https:\/\/oftalmouniversity.com\/es\/wp-json\/wp\/v2\/types\/page"}],"author":[{"embeddable":true,"href":"https:\/\/oftalmouniversity.com\/es\/wp-json\/wp\/v2\/users\/1"}],"replies":[{"embeddable":true,"href":"https:\/\/oftalmouniversity.com\/es\/wp-json\/wp\/v2\/comments?post=3286"}],"version-history":[{"count":2,"href":"https:\/\/oftalmouniversity.com\/es\/wp-json\/wp\/v2\/pages\/3286\/revisions"}],"predecessor-version":[{"id":3289,"href":"https:\/\/oftalmouniversity.com\/es\/wp-json\/wp\/v2\/pages\/3286\/revisions\/3289"}],"wp:featuredmedia":[{"embeddable":true,"href":"https:\/\/oftalmouniversity.com\/es\/wp-json\/wp\/v2\/media\/3280"}],"wp:attachment":[{"href":"https:\/\/oftalmouniversity.com\/es\/wp-json\/wp\/v2\/media?parent=3286"}],"curies":[{"name":"wp","href":"https:\/\/api.w.org\/{rel}","templated":true}]}}