{"id":2255,"date":"2023-07-28T15:55:31","date_gmt":"2023-07-28T15:55:31","guid":{"rendered":"https:\/\/oftalmouniversity.com\/politica-de-privacidad\/"},"modified":"2025-01-29T15:23:37","modified_gmt":"2025-01-29T15:23:37","slug":"politica-de-privacidad","status":"publish","type":"page","link":"https:\/\/oftalmouniversity.com\/es\/politica-de-privacidad\/","title":{"rendered":"Pol\u00edtica de Privacidad"},"content":{"rendered":"\n<p>Por medio de nuestra pol\u00edtica de privacidad le ponemos al tanto de las debidas condiciones de uso en este sitio y app.<\/p>\n\n\n\n<p>La utilizaci\u00f3n de estos implica su aceptaci\u00f3n plena y sin reservas a todas y cada una de las disposiciones incluidas en este Aviso Legal, por lo que si usted no est\u00e1 de acuerdo con cualquiera de las condiciones aqu\u00ed establecidas, no deber\u00e1 usar u\/o acceder a este sitio y\/o app.<\/p>\n\n\n\n<p>Reservamos el derecho a modificar esta Declaraci\u00f3n de Privacidad en cualquier momento. Su uso continuo de cualquier porci\u00f3n de este sitio tras la notificaci\u00f3n o anuncio de tales modificaciones constituir\u00e1 su aceptaci\u00f3n de tales cambios.<\/p>\n\n\n\n<h2 class=\"wp-block-heading\">Qui\u00e9nes somos<\/h2>\n\n\n\n<p>La direcci\u00f3n de nuestra web es: https:\/\/oftalmouniversity.com<\/p>\n\n\n\n<p>Puede leer sobre quienes somos aqu\u00ed: https:\/\/oftalmouniversity.com\/about\/<\/p>\n\n\n\n<h2 class=\"wp-block-heading\">Qu\u00e9 datos personales recogemos y por qu\u00e9 los recogemos<\/h2>\n\n\n\n<h3 class=\"wp-block-heading\">Comentarios<\/h3>\n\n\n\n<p>Cuando los visitantes dejan comentarios en la web, recopilamos los datos que se muestran en el formulario de comentarios, as\u00ed como la direcci\u00f3n IP del visitante y la cadena de agentes de usuario del navegador para ayudar a la detecci\u00f3n de spam.<\/p>\n\n\n\n<p>Una cadena an\u00f3nima creada a partir de su direcci\u00f3n de correo electr\u00f3nico (tambi\u00e9n llamada hash) puede ser proporcionada al servicio de Gravatar para ver si la est\u00e1s usando. La pol\u00edtica de privacidad del servicio Gravatar est\u00e1 disponible aqu\u00ed: https:\/\/automattic.com\/privacy\/. Despu\u00e9s de la aprobaci\u00f3n de su comentario, la imagen de su perfil es visible para el p\u00fablico en el contexto de su comentario.<\/p>\n\n\n\n<h3 class=\"wp-block-heading\">Medios<\/h3>\n\n\n\n<p>Si sube im\u00e1genes a la web deber\u00edas evitar subir im\u00e1genes con datos de ubicaci\u00f3n (GPS EXIF) incluidos. Los visitantes de la web pueden descargar y extraer cualquier dato de localizaci\u00f3n de las im\u00e1genes de la web.<\/p>\n\n\n\n<h3 class=\"wp-block-heading\">Cookies<\/h3>\n\n\n\n<p>Si deja un comentario en nuestro sitio y\/o app puede elegir guardar su nombre, direcci\u00f3n de correo electr\u00f3nico y web en cookies. Esto es para su comodidad, para que no tenga que volver a rellenar sus datos cuando deje otro comentario. Estas cookies tendr\u00e1n una duraci\u00f3n de un a\u00f1o.<\/p>\n\n\n\n<p>Si tiene una cuenta y te conectas a este sitio, instalaremos una cookie temporal para determinar si su navegador acepta cookies. Esta cookie no contiene datos personales y se elimina al cerrar el navegador.<\/p>\n\n\n\n<p>Cuando inicia sesi\u00f3n, tambi\u00e9n instalaremos varias cookies para guardar su informaci\u00f3n de inicio de sesi\u00f3n y sus opciones de visualizaci\u00f3n de pantalla. Las cookies de inicio de sesi\u00f3n duran dos d\u00edas, y las cookies de opciones de pantalla duran un a\u00f1o. Si seleccionas \u201cRecordarme\u201d, su inicio de sesi\u00f3n perdurar\u00e1 durante dos semanas. Si sale de su cuenta, las cookies de inicio de sesi\u00f3n se eliminar\u00e1n.<\/p>\n\n\n\n<p>Si edita o publica un art\u00edculo se guardar\u00e1 una cookie adicional en su navegador. Esta cookie no incluye datos personales y simplemente indica el ID del art\u00edculo que acaba de editar. Caduca despu\u00e9s de 1 d\u00eda.<\/p>\n\n\n\n<h3 class=\"wp-block-heading\">Contenido incrustado de otros sitios web<\/h3>\n\n\n\n<p>Los art\u00edculos de este sitio pueden incluir contenido incrustado (por ejemplo, v\u00eddeos, im\u00e1genes, art\u00edculos, etc.). El contenido incrustado de otras web se comporta exactamente de la misma manera que si el visitante hubiera visitado la otra web.<\/p>\n\n\n\n<p>Estas web pueden recopilar datos sobre Ud, utilizar cookies, incrustar un seguimiento adicional de terceros, y supervisar su interacci\u00f3n con ese contenido incrustado, incluido el seguimiento de su interacci\u00f3n con el contenido incrustado si tiene una cuenta y est\u00e1 conectado a esa web.<\/p>\n\n\n\n<h3 class=\"wp-block-heading\">Acciones De Terceros.<\/h3>\n\n\n\n<p>Asimismo, usted encontrar\u00e1 dentro de este sitio, p\u00e1ginas, promociones, micrositios, tiendas virtuales, encuestas, patrocinadores, publicistas, contratistas y\/o socios y servicios comerciales, en conjunto con otros servicios compartidos, propios o cobrandeados con terceros (\u201dSitios Cobrandeados\u201d) que le podr\u00e1n solicitar Informaci\u00f3n, los cuales este sitio le podr\u00e1 revelar informaci\u00f3n proporcionada por usted.<br>La Informaci\u00f3n que se proporcione en estos Sitios Cobrandeados esta sujeta a las pol\u00edticas de privacidad o leyendas de responsabilidad de Informaci\u00f3n que se desplieguen en dichos Sitios y no estar\u00e1 sujeta a esta pol\u00edtica de privacidad. Por lo que recomendamos ampliamente a los Usuarios a revisar detalladamente las pol\u00edticas de privacidad que se desplieguen en los Sitios Cobrandeados.<\/p>\n\n\n\n<h3 class=\"wp-block-heading\">Anal\u00edtica<\/h3>\n\n\n\n<p>Nosotros estudiamos las preferencias de nuestros usuarios, sus caracter\u00edsticas demogr\u00e1ficas, sus patrones de tr\u00e1fico, y otra informaci\u00f3n en conjunto para comprender mejor qui\u00e9nes constituyen nuestra audiencia y qu\u00e9 es lo que usted necesita. El rastreo de las preferencias de nuestros usuarios tambi\u00e9n nos ayuda a servirle a usted los avisos publicitarios m\u00e1s relevantes.<\/p>\n\n\n\n<p>Pol\u00edtica De Privacidad De Fuentes De Rastreo Utilizadas En Este Sitio:<\/p>\n\n\n\n<p>Google (Analytics): http:\/\/www.google.com\/intl\/es_ALL\/privacypolicy.html<\/p>\n\n\n\n<h3 class=\"wp-block-heading\">Pol\u00edtica De Protecci\u00f3n De Datos Personales<\/h3>\n\n\n\n<p>Para utilizar algunos de los servicios o acceder a determinados contenidos, deber\u00e1 proporcionar previamente ciertos datos de car\u00e1cter personal, que solo ser\u00e1n utilizados para el prop\u00f3sito que fueron recopilados.<\/p>\n\n\n\n<p>El tipo de la posible Informaci\u00f3n que se le sea solicitada incluye, de manera enunciativa m\u00e1s no limitativa, su nombre, direcci\u00f3n de correo electr\u00f3nico (e-mail), fecha de nacimiento, sexo, ocupaci\u00f3n, pa\u00eds y ciudad de origen e intereses personales, entre otros, no toda la Informaci\u00f3n solicitada al momento de participar en el sitio es obligatoria de proporcionarse, salvo aquella que consideremos conveniente y que as\u00ed se le haga saber.<\/p>\n\n\n\n<p>C\u00f3mo principio general, este sitio no comparte ni revela informaci\u00f3n obtenida, excepto cuando haya sido autorizada por usted, o en los siguientes casos:<br>a) Cuando le sea requerido por una autoridad competente y previo el cumplimiento del tr\u00e1mite legal correspondiente y b) Cuando a juicio de este sitio sea necesario para hacer cumplir las condiciones de uso y dem\u00e1s t\u00e9rminos de esta p\u00e1gina, o para salvaguardar la integridad de los dem\u00e1s usuarios o del sitio.<br>Deber\u00e1 estar consciente de que si usted voluntariamente revela informaci\u00f3n personal en l\u00ednea en un \u00e1rea p\u00fablica, esa informaci\u00f3n puede ser recogida y usada por otros. Nosotros no controlamos las acciones de nuestros visitantes y usuarios.<\/p>\n\n\n\n<h3 class=\"wp-block-heading\">Conducta Responsable.<\/h3>\n\n\n\n<p>Toda la informaci\u00f3n que facilite deber\u00e1 ser veraz. A estos efectos, usted garantiza la autenticidad de todos aquellos datos que comunique como consecuencia de la cumplimentaci\u00f3n de los formularios necesarios para la suscripci\u00f3n de los Servicios, acceso a contenidos o \u00e1reas restringidas del sitio. En todo caso usted ser\u00e1 el \u00fanico responsable de las manifestaciones falsas o inexactas que realice y de los perjuicios que cause a este sitio o a terceros por la informaci\u00f3n que facilite.<\/p>\n\n\n\n<p>Usted se compromete a actuar en forma responsable en este sitio y a tratar a otros visitantes con respeto.<\/p>\n\n\n\n<h2 class=\"wp-block-heading\">Cu\u00e1nto tiempo conservamos sus datos<\/h2>\n\n\n\n<p>Si deja un comentario, el comentario y sus metadatos se conservan indefinidamente. Esto es para que podamos reconocer y aprobar comentarios sucesivos autom\u00e1ticamente en lugar de mantenerlos en una cola de moderaci\u00f3n.<\/p>\n\n\n\n<p>De los usuarios que se registran en nuestra web (si los hay) y\/o app, tambi\u00e9n almacenamos la informaci\u00f3n personal que proporcionan en su perfil de usuario. Todos los usuarios pueden ver, editar o eliminar su informaci\u00f3n personal en cualquier momento (excepto que no pueden cambiar su nombre de usuario). Los administradores de la web tambi\u00e9n pueden ver y editar esa informaci\u00f3n.<\/p>\n\n\n\n<h2 class=\"wp-block-heading\">Qu\u00e9 derechos tiene sobre sus datos<\/h2>\n\n\n\n<p>Si tiene una cuenta o ha dejado comentarios en esta web, puedes solicitar recibir un archivo de exportaci\u00f3n de los datos personales que tenemos sobre ud. , incluyendo cualquier dato que nos hayas proporcionado. Tambi\u00e9n puedes solicitar que eliminemos cualquier dato personal que tengamos sobre Ud. Esto no incluye ning\u00fan dato que estemos obligados a conservar con fines administrativos, legales o de seguridad.<\/p>\n\n\n\n<h2 class=\"wp-block-heading\">D\u00f3nde enviamos sus datos<\/h2>\n\n\n\n<p>Los comentarios de los visitantes puede que los revise un servicio de detecci\u00f3n autom\u00e1tica de spam.<\/p>\n\n\n\n<h2 class=\"wp-block-heading\">Informaci\u00f3n de contacto<\/h2>\n\n\n\n<p>Puede contactarnos a trav\u00e9s del mail&nbsp;<em><span \n                data-original-string='B84wXrHibY4EV02Baa0a7w==36cRb7nSLMSN8AWtS8EkScTnxtPZKDHTPJabQtlzx6aCps='\n                class='apbct-email-encoder'\n                title='Este contacto ha sido codificado por Anti-Spam by CleanTalk. Haz clic para decodificar. Para finalizar la decodificaci\u00f3n, aseg\u00farate de que JavaScript est\u00e1 activado en tu navegador.'>in<span class=\"apbct-blur\">**<\/span>@<span class=\"apbct-blur\">***************<\/span>ty.com<\/span><\/em>&nbsp;o el formulario que aparecen en nuestra&nbsp;<a href=\"https:\/\/oftalmouniversity.com\/contact\/\">p\u00e1gina de contacto<\/a>.<\/p>\n","protected":false},"excerpt":{"rendered":"<p>Por medio de nuestra pol\u00edtica de privacidad le ponemos al tanto de las debidas condiciones de uso en este sitio [&hellip;]<\/p>\n","protected":false},"author":1,"featured_media":0,"parent":0,"menu_order":0,"comment_status":"closed","ping_status":"open","template":"standard-page.php","meta":{"_uag_custom_page_level_css":"","_monsterinsights_skip_tracking":false,"_monsterinsights_sitenote_active":false,"_monsterinsights_sitenote_note":"","_monsterinsights_sitenote_category":0,"site-sidebar-layout":"default","site-content-layout":"","ast-site-content-layout":"default","site-content-style":"default","site-sidebar-style":"default","ast-global-header-display":"","ast-banner-title-visibility":"","ast-main-header-display":"","ast-hfb-above-header-display":"","ast-hfb-below-header-display":"","ast-hfb-mobile-header-display":"","site-post-title":"","ast-breadcrumbs-content":"","ast-featured-img":"","footer-sml-layout":"","theme-transparent-header-meta":"","adv-header-id-meta":"","stick-header-meta":"","header-above-stick-meta":"","header-main-stick-meta":"","header-below-stick-meta":"","astra-migrate-meta-layouts":"set","ast-page-background-enabled":"default","ast-page-background-meta":{"desktop":{"background-color":"var(--ast-global-color-4)","background-image":"","background-repeat":"repeat","background-position":"center center","background-size":"auto","background-attachment":"scroll","background-type":"","background-media":"","overlay-type":"","overlay-color":"","overlay-opacity":"","overlay-gradient":""},"tablet":{"background-color":"","background-image":"","background-repeat":"repeat","background-position":"center center","background-size":"auto","background-attachment":"scroll","background-type":"","background-media":"","overlay-type":"","overlay-color":"","overlay-opacity":"","overlay-gradient":""},"mobile":{"background-color":"","background-image":"","background-repeat":"repeat","background-position":"center center","background-size":"auto","background-attachment":"scroll","background-type":"","background-media":"","overlay-type":"","overlay-color":"","overlay-opacity":"","overlay-gradient":""}},"ast-content-background-meta":{"desktop":{"background-color":"var(--ast-global-color-5)","background-image":"","background-repeat":"repeat","background-position":"center center","background-size":"auto","background-attachment":"scroll","background-type":"","background-media":"","overlay-type":"","overlay-color":"","overlay-opacity":"","overlay-gradient":""},"tablet":{"background-color":"var(--ast-global-color-5)","background-image":"","background-repeat":"repeat","background-position":"center center","background-size":"auto","background-attachment":"scroll","background-type":"","background-media":"","overlay-type":"","overlay-color":"","overlay-opacity":"","overlay-gradient":""},"mobile":{"background-color":"var(--ast-global-color-5)","background-image":"","background-repeat":"repeat","background-position":"center center","background-size":"auto","background-attachment":"scroll","background-type":"","background-media":"","overlay-type":"","overlay-color":"","overlay-opacity":"","overlay-gradient":""}},"footnotes":""},"class_list":["post-2255","page","type-page","status-publish","hentry"],"yoast_head":"<!-- This site is optimized with the Yoast SEO plugin v26.5 - https:\/\/yoast.com\/wordpress\/plugins\/seo\/ -->\n<title>Pol\u00edtica de Privacidad - Oftalmo University<\/title>\n<meta name=\"robots\" content=\"index, follow, max-snippet:-1, max-image-preview:large, max-video-preview:-1\" \/>\n<link rel=\"canonical\" href=\"https:\/\/oftalmouniversity.com\/es\/politica-de-privacidad\/\" \/>\n<meta property=\"og:locale\" content=\"es_ES\" \/>\n<meta property=\"og:type\" content=\"article\" \/>\n<meta property=\"og:title\" content=\"Pol\u00edtica de Privacidad - Oftalmo University\" \/>\n<meta property=\"og:description\" content=\"Por medio de nuestra pol\u00edtica de privacidad le ponemos al tanto de las debidas condiciones de uso en este sitio [&hellip;]\" \/>\n<meta property=\"og:url\" content=\"https:\/\/oftalmouniversity.com\/es\/politica-de-privacidad\/\" \/>\n<meta property=\"og:site_name\" content=\"Oftalmo University\" \/>\n<meta property=\"article:modified_time\" content=\"2025-01-29T15:23:37+00:00\" \/>\n<meta name=\"twitter:card\" content=\"summary_large_image\" \/>\n<meta name=\"twitter:label1\" content=\"Tiempo de lectura\" \/>\n\t<meta name=\"twitter:data1\" content=\"6 minutos\" \/>\n<script type=\"application\/ld+json\" class=\"yoast-schema-graph\">{\"@context\":\"https:\/\/schema.org\",\"@graph\":[{\"@type\":\"WebPage\",\"@id\":\"https:\/\/oftalmouniversity.com\/es\/politica-de-privacidad\/\",\"url\":\"https:\/\/oftalmouniversity.com\/es\/politica-de-privacidad\/\",\"name\":\"Pol\u00edtica de Privacidad - Oftalmo University\",\"isPartOf\":{\"@id\":\"https:\/\/oftalmouniversity.com\/es\/#website\"},\"datePublished\":\"2023-07-28T15:55:31+00:00\",\"dateModified\":\"2025-01-29T15:23:37+00:00\",\"breadcrumb\":{\"@id\":\"https:\/\/oftalmouniversity.com\/es\/politica-de-privacidad\/#breadcrumb\"},\"inLanguage\":\"es\",\"potentialAction\":[{\"@type\":\"ReadAction\",\"target\":[\"https:\/\/oftalmouniversity.com\/es\/politica-de-privacidad\/\"]}]},{\"@type\":\"BreadcrumbList\",\"@id\":\"https:\/\/oftalmouniversity.com\/es\/politica-de-privacidad\/#breadcrumb\",\"itemListElement\":[{\"@type\":\"ListItem\",\"position\":1,\"name\":\"Home\",\"item\":\"https:\/\/oftalmouniversity.com\/es\/\"},{\"@type\":\"ListItem\",\"position\":2,\"name\":\"Pol\u00edtica de Privacidad\"}]},{\"@type\":\"WebSite\",\"@id\":\"https:\/\/oftalmouniversity.com\/es\/#website\",\"url\":\"https:\/\/oftalmouniversity.com\/es\/\",\"name\":\"Oftalmo University\",\"description\":\"Learn surgery online\",\"publisher\":{\"@id\":\"https:\/\/oftalmouniversity.com\/es\/#organization\"},\"potentialAction\":[{\"@type\":\"SearchAction\",\"target\":{\"@type\":\"EntryPoint\",\"urlTemplate\":\"https:\/\/oftalmouniversity.com\/es\/?s={search_term_string}\"},\"query-input\":{\"@type\":\"PropertyValueSpecification\",\"valueRequired\":true,\"valueName\":\"search_term_string\"}}],\"inLanguage\":\"es\"},{\"@type\":\"Organization\",\"@id\":\"https:\/\/oftalmouniversity.com\/es\/#organization\",\"name\":\"Oftalmo University\",\"url\":\"https:\/\/oftalmouniversity.com\/es\/\",\"logo\":{\"@type\":\"ImageObject\",\"inLanguage\":\"es\",\"@id\":\"https:\/\/oftalmouniversity.com\/es\/#\/schema\/logo\/image\/\",\"url\":\"https:\/\/oftalmouniversity.com\/wp-content\/uploads\/2024\/10\/oftalmo-university.png\",\"contentUrl\":\"https:\/\/oftalmouniversity.com\/wp-content\/uploads\/2024\/10\/oftalmo-university.png\",\"width\":467,\"height\":150,\"caption\":\"Oftalmo University\"},\"image\":{\"@id\":\"https:\/\/oftalmouniversity.com\/es\/#\/schema\/logo\/image\/\"}}]}<\/script>\n<!-- \/ Yoast SEO plugin. -->","yoast_head_json":{"title":"Pol\u00edtica de Privacidad - Oftalmo University","robots":{"index":"index","follow":"follow","max-snippet":"max-snippet:-1","max-image-preview":"max-image-preview:large","max-video-preview":"max-video-preview:-1"},"canonical":"https:\/\/oftalmouniversity.com\/es\/politica-de-privacidad\/","og_locale":"es_ES","og_type":"article","og_title":"Pol\u00edtica de Privacidad - Oftalmo University","og_description":"Por medio de nuestra pol\u00edtica de privacidad le ponemos al tanto de las debidas condiciones de uso en este sitio [&hellip;]","og_url":"https:\/\/oftalmouniversity.com\/es\/politica-de-privacidad\/","og_site_name":"Oftalmo University","article_modified_time":"2025-01-29T15:23:37+00:00","twitter_card":"summary_large_image","twitter_misc":{"Tiempo de lectura":"6 minutos"},"schema":{"@context":"https:\/\/schema.org","@graph":[{"@type":"WebPage","@id":"https:\/\/oftalmouniversity.com\/es\/politica-de-privacidad\/","url":"https:\/\/oftalmouniversity.com\/es\/politica-de-privacidad\/","name":"Pol\u00edtica de Privacidad - Oftalmo University","isPartOf":{"@id":"https:\/\/oftalmouniversity.com\/es\/#website"},"datePublished":"2023-07-28T15:55:31+00:00","dateModified":"2025-01-29T15:23:37+00:00","breadcrumb":{"@id":"https:\/\/oftalmouniversity.com\/es\/politica-de-privacidad\/#breadcrumb"},"inLanguage":"es","potentialAction":[{"@type":"ReadAction","target":["https:\/\/oftalmouniversity.com\/es\/politica-de-privacidad\/"]}]},{"@type":"BreadcrumbList","@id":"https:\/\/oftalmouniversity.com\/es\/politica-de-privacidad\/#breadcrumb","itemListElement":[{"@type":"ListItem","position":1,"name":"Home","item":"https:\/\/oftalmouniversity.com\/es\/"},{"@type":"ListItem","position":2,"name":"Pol\u00edtica de Privacidad"}]},{"@type":"WebSite","@id":"https:\/\/oftalmouniversity.com\/es\/#website","url":"https:\/\/oftalmouniversity.com\/es\/","name":"Oftalmo University","description":"Learn surgery online","publisher":{"@id":"https:\/\/oftalmouniversity.com\/es\/#organization"},"potentialAction":[{"@type":"SearchAction","target":{"@type":"EntryPoint","urlTemplate":"https:\/\/oftalmouniversity.com\/es\/?s={search_term_string}"},"query-input":{"@type":"PropertyValueSpecification","valueRequired":true,"valueName":"search_term_string"}}],"inLanguage":"es"},{"@type":"Organization","@id":"https:\/\/oftalmouniversity.com\/es\/#organization","name":"Oftalmo University","url":"https:\/\/oftalmouniversity.com\/es\/","logo":{"@type":"ImageObject","inLanguage":"es","@id":"https:\/\/oftalmouniversity.com\/es\/#\/schema\/logo\/image\/","url":"https:\/\/oftalmouniversity.com\/wp-content\/uploads\/2024\/10\/oftalmo-university.png","contentUrl":"https:\/\/oftalmouniversity.com\/wp-content\/uploads\/2024\/10\/oftalmo-university.png","width":467,"height":150,"caption":"Oftalmo University"},"image":{"@id":"https:\/\/oftalmouniversity.com\/es\/#\/schema\/logo\/image\/"}}]}},"uagb_featured_image_src":{"full":false,"thumbnail":false,"medium":false,"medium_large":false,"large":false,"1536x1536":false,"2048x2048":false,"depicter-thumbnail":false},"uagb_author_info":{"display_name":"Lisandro Carnielli, MD","author_link":"https:\/\/oftalmouniversity.com\/es\/blog\/author\/campus_hk8h1y\/"},"uagb_comment_info":0,"uagb_excerpt":"Por medio de nuestra pol\u00edtica de privacidad le ponemos al tanto de las debidas condiciones de uso en este sitio [&hellip;]","_links":{"self":[{"href":"https:\/\/oftalmouniversity.com\/es\/wp-json\/wp\/v2\/pages\/2255","targetHints":{"allow":["GET"]}}],"collection":[{"href":"https:\/\/oftalmouniversity.com\/es\/wp-json\/wp\/v2\/pages"}],"about":[{"href":"https:\/\/oftalmouniversity.com\/es\/wp-json\/wp\/v2\/types\/page"}],"author":[{"embeddable":true,"href":"https:\/\/oftalmouniversity.com\/es\/wp-json\/wp\/v2\/users\/1"}],"replies":[{"embeddable":true,"href":"https:\/\/oftalmouniversity.com\/es\/wp-json\/wp\/v2\/comments?post=2255"}],"version-history":[{"count":9,"href":"https:\/\/oftalmouniversity.com\/es\/wp-json\/wp\/v2\/pages\/2255\/revisions"}],"predecessor-version":[{"id":2282,"href":"https:\/\/oftalmouniversity.com\/es\/wp-json\/wp\/v2\/pages\/2255\/revisions\/2282"}],"wp:attachment":[{"href":"https:\/\/oftalmouniversity.com\/es\/wp-json\/wp\/v2\/media?parent=2255"}],"curies":[{"name":"wp","href":"https:\/\/api.w.org\/{rel}","templated":true}]}}